{"id":9735,"date":"2019-05-10T14:40:15","date_gmt":"2019-05-10T11:40:15","guid":{"rendered":"https:\/\/kutuphaneveteknoloji.com\/anasayfa\/"},"modified":"2026-04-10T13:36:49","modified_gmt":"2026-04-10T10:36:49","slug":"anasayfa","status":"publish","type":"page","link":"https:\/\/kutuphaneveteknoloji.com\/en\/","title":{"rendered":"Home"},"content":{"rendered":"<section class=\"l-section wpb_row height_custom with_img\"><div class=\"l-section-img\" role=\"img\" aria-label=\"Image\" data-img-width=\"1920\" data-img-height=\"960\" style=\"background-image: url(https:\/\/kutuphaneveteknoloji.com\/wp-content\/uploads\/2026\/03\/hero-bg.jpg);\"><\/div><div class=\"l-section-overlay\" style=\"background:rgba(0,64,73,0.54)\"><\/div><div class=\"l-section-h i-cf\"><div class=\"g-cols vc_row via_grid cols_1 laptops-cols_inherit tablets-cols_inherit mobiles-cols_1 valign_top type_default stacking_default\"><div class=\"wpb_column vc_column_container\"><div class=\"vc_column-inner\"><div class=\"w-hwrapper valign_top wrap align_center\"><div class=\"w-iconbox us_custom_f1066407 iconpos_left style_default color_custom align_center no_text\"><div class=\"w-iconbox-icon\" style=\"font-size:1.5rem;--icon-color:#72B635;\"><i class=\"fal fa-calendar\"><\/i><\/div><div class=\"w-iconbox-meta\"><div class=\"w-iconbox-title\" style=\"font-size:18px;\">2-4 Nisan<\/div><\/div><\/div><div class=\"w-iconbox us_custom_8f366a89 iconpos_left style_default color_custom align_center no_text\"><div class=\"w-iconbox-icon\" style=\"font-size:1.5rem;--icon-color:#72B635;\"><i class=\"fal fa-map-marker-alt\"><\/i><\/div><div class=\"w-iconbox-meta\"><div class=\"w-iconbox-title\" style=\"font-size:18px;\">Rami Library \u2022 \u0130stanbul<\/div><\/div><\/div><\/div><div class=\"w-separator size_small\"><\/div><h1 class=\"w-text us_custom_7b1c4c92 has_text_color\"><span class=\"w-text-h\"><span class=\"w-text-value\">3rd International<br \/>\nLibrary and Technology Festival<\/span><\/span><\/h1><div class=\"w-separator size_small\"><\/div><div class=\"w-html\"><div style=\"max-width: 800px; margin: 0 auto;\">\n    <div style=\"position: relative; padding-bottom: 56.25%; height: 0; overflow: hidden; width: 100%;\">\n        <iframe src=\"https:\/\/www.youtube.com\/embed\/ONrNR7z4KyU?controls=0\" style=\"position: absolute; top: 0; left: 0; width: 100%; height: 100%;\" title=\"YouTube video player\" frameborder=\"0\" allow=\"accelerometer; autoplay; clipboard-write; encrypted-media; gyroscope; picture-in-picture; web-share\" allowfullscreen><\/iframe>\n    <\/div>\n<\/div><\/div><div class=\"w-separator size_medium\"><\/div><div class=\"w-hwrapper valign_middle wrap default_align_justify laptops_align_justify tablets_align_justify mobiles_align_center\"><div class=\"wpb_text_column\"><div class=\"wpb_wrapper\"><p><img loading=\"lazy\" decoding=\"async\" class=\"alignnone  wp-image-9851\" src=\"https:\/\/kutuphaneveteknoloji.com\/wp-content\/uploads\/2026\/03\/bakanlik-logo-en.svg\" alt=\"\" width=\"250\" height=\"124\" \/><\/p>\n<\/div><\/div><div class=\"wpb_text_column us_custom_d60cac2d\"><div class=\"wpb_wrapper\"><p><img loading=\"lazy\" decoding=\"async\" class=\"alignnone  wp-image-9848\" src=\"https:\/\/kutuphaneveteknoloji.com\/wp-content\/uploads\/2026\/03\/healing-logo-en.svg\" alt=\"\" width=\"204\" height=\"133\" \/><\/p>\n<\/div><\/div><div class=\"wpb_text_column hide_on_mobiles\"><div class=\"wpb_wrapper\"><p><img loading=\"lazy\" decoding=\"async\" class=\"alignnone  wp-image-9851\" src=\"https:\/\/kutuphaneveteknoloji.com\/wp-content\/uploads\/2026\/03\/bakanlik-logo-en.svg\" alt=\"\" width=\"250\" height=\"124\" \/><\/p>\n<\/div><\/div><\/div><\/div><\/div><\/div><\/div><\/section><section class=\"l-section wpb_row height_custom\"><div class=\"l-section-h i-cf\"><div class=\"g-cols vc_row via_grid cols_1 laptops-cols_inherit tablets-cols_inherit mobiles-cols_1 valign_middle type_default stacking_default\"><div class=\"wpb_column vc_column_container\"><div class=\"vc_column-inner\"><h2 class=\"w-text us_custom_eb849559\"><span class=\"w-text-h\"><span class=\"w-text-value\">Festival Promo Video<\/span><\/span><\/h2><div class=\"w-separator size_small\"><\/div><div class=\"g-cols wpb_row via_grid cols_1 laptops-cols_inherit tablets-cols_inherit mobiles-cols_1 valign_top type_default stacking_default\" style=\"--columns-gap:3rem;\"><div class=\"wpb_column vc_column_container shadow-x1\"><div class=\"vc_column-inner\"><div class=\"w-video align_none ratio_16x9 has_iframe\"><div class=\"w-video-h\"><iframe title=\"Youtube video player\" src=\"\/\/www.youtube.com\/embed\/IsoWFK62tKM?autoplay=0&controls=1&origin=https:\/\/kutuphaneveteknoloji.com\/en\/&loop=0&mute=0\" allowfullscreen=\"1\" loading=\"lazy\"><\/iframe><\/div><\/div><\/div><\/div><\/div><\/div><\/div><\/div><\/div><\/section><section class=\"l-section wpb_row height_custom\" id=\"ilham-veren-konusmacilar\"><div class=\"l-section-h i-cf\"><div class=\"g-cols vc_row via_grid cols_1 laptops-cols_inherit tablets-cols_inherit mobiles-cols_1 valign_middle type_default stacking_default\"><div class=\"wpb_column vc_column_container\"><div class=\"vc_column-inner\"><h2 class=\"w-text us_custom_eb849559\"><span class=\"w-text-h\"><span class=\"w-text-value\">Inspiring Speakers<\/span><\/span><\/h2><div class=\"w-separator size_small\"><\/div><div class=\"g-cols wpb_row via_grid cols_3 laptops-cols_inherit tablets-cols_inherit mobiles-cols_1 valign_top type_default stacking_default\" style=\"--columns-gap:3rem;\"><div class=\"wpb_column vc_column_container shadow-x1\"><div class=\"vc_column-inner\"><div class=\"w-person layout_square with_desc\" itemscope itemtype=\"https:\/\/schema.org\/Person\"><div class=\"w-person-image\"><img loading=\"lazy\" decoding=\"async\" width=\"600\" height=\"600\" src=\"https:\/\/kutuphaneveteknoloji.com\/wp-content\/uploads\/2026\/03\/Sharon-Memis.jpg\" class=\"attachment-large size-large\" alt=\"\" itemprop=\"image\" srcset=\"https:\/\/kutuphaneveteknoloji.com\/wp-content\/uploads\/2026\/03\/Sharon-Memis.jpg 600w, https:\/\/kutuphaneveteknoloji.com\/wp-content\/uploads\/2026\/03\/Sharon-Memis-300x300.jpg 300w, https:\/\/kutuphaneveteknoloji.com\/wp-content\/uploads\/2026\/03\/Sharon-Memis-150x150.jpg 150w\" sizes=\"auto, (max-width: 600px) 100vw, 600px\" \/><\/div><div class=\"w-person-content\"><h4 itemprop=\"name\" class=\"w-person-name\"><span>Sharon Memis<\/span><\/h4><div class=\"w-person-role\" itemprop=\"jobTitle\">Secretary General<\/div><div class=\"w-person-description\" itemprop=\"description\"><p>IFLA<\/p>\n<\/div><\/div><\/div><\/div><\/div><div class=\"wpb_column vc_column_container shadow-x1\"><div class=\"vc_column-inner\"><div class=\"w-person layout_square with_desc\" itemscope itemtype=\"https:\/\/schema.org\/Person\"><div class=\"w-person-image\"><img loading=\"lazy\" decoding=\"async\" width=\"600\" height=\"600\" src=\"https:\/\/kutuphaneveteknoloji.com\/wp-content\/uploads\/2026\/03\/Andrew-Cranfield.jpg\" class=\"attachment-large size-large\" alt=\"\" itemprop=\"image\" srcset=\"https:\/\/kutuphaneveteknoloji.com\/wp-content\/uploads\/2026\/03\/Andrew-Cranfield.jpg 600w, https:\/\/kutuphaneveteknoloji.com\/wp-content\/uploads\/2026\/03\/Andrew-Cranfield-300x300.jpg 300w, https:\/\/kutuphaneveteknoloji.com\/wp-content\/uploads\/2026\/03\/Andrew-Cranfield-150x150.jpg 150w\" sizes=\"auto, (max-width: 600px) 100vw, 600px\" \/><\/div><div class=\"w-person-content\"><h4 itemprop=\"name\" class=\"w-person-name\"><span>Andrew Cranfield<\/span><\/h4><div class=\"w-person-role\" itemprop=\"jobTitle\">Director<\/div><div class=\"w-person-description\" itemprop=\"description\"><p>EBLIDA<\/p>\n<\/div><\/div><\/div><\/div><\/div><div class=\"wpb_column vc_column_container shadow-x1\"><div class=\"vc_column-inner\"><div class=\"w-person layout_square with_desc\" itemscope itemtype=\"https:\/\/schema.org\/Person\"><div class=\"w-person-image\"><img loading=\"lazy\" decoding=\"async\" width=\"600\" height=\"600\" src=\"https:\/\/kutuphaneveteknoloji.com\/wp-content\/uploads\/2026\/03\/Maria-McCauley.jpg\" class=\"attachment-large size-large\" alt=\"\" itemprop=\"image\" srcset=\"https:\/\/kutuphaneveteknoloji.com\/wp-content\/uploads\/2026\/03\/Maria-McCauley.jpg 600w, https:\/\/kutuphaneveteknoloji.com\/wp-content\/uploads\/2026\/03\/Maria-McCauley-300x300.jpg 300w, https:\/\/kutuphaneveteknoloji.com\/wp-content\/uploads\/2026\/03\/Maria-McCauley-150x150.jpg 150w\" sizes=\"auto, (max-width: 600px) 100vw, 600px\" \/><\/div><div class=\"w-person-content\"><h4 itemprop=\"name\" class=\"w-person-name\"><span>Maria McCauley<\/span><\/h4><div class=\"w-person-role\" itemprop=\"jobTitle\">President<\/div><div class=\"w-person-description\" itemprop=\"description\"><p>ALA<\/p>\n<\/div><\/div><\/div><\/div><\/div><\/div><\/div><\/div><\/div><\/div><\/section><section class=\"l-section wpb_row height_custom color_primary\"><div class=\"l-section-h i-cf\"><div class=\"g-cols vc_row via_grid cols_1 laptops-cols_inherit tablets-cols_inherit mobiles-cols_1 valign_middle type_default stacking_default\"><div class=\"wpb_column vc_column_container\"><div class=\"vc_column-inner\"><h2 class=\"w-text us_custom_eb849559\"><span class=\"w-text-h\"><span class=\"w-text-value\">Our Partners<\/span><\/span><\/h2><div class=\"w-separator size_medium\"><\/div><div class=\"w-hwrapper valign_middle align_center\" style=\"--hwrapper-gap:2.2rem\"><div class=\"wpb_text_column\"><div class=\"wpb_wrapper\"><p><a href=\"https:\/\/kutuphaneveteknoloji.com\/wp-content\/uploads\/2026\/03\/istanbul-ticaret-odasi-logo.svg\"><img loading=\"lazy\" decoding=\"async\" class=\"alignnone wp-image-9438\" src=\"https:\/\/kutuphaneveteknoloji.com\/wp-content\/uploads\/2026\/03\/istanbul-ticaret-odasi-logo.svg\" alt=\"\" width=\"166\" height=\"74\" \/><\/a><\/p>\n<\/div><\/div><div class=\"wpb_text_column\"><div class=\"wpb_wrapper\"><p><img loading=\"lazy\" decoding=\"async\" class=\"alignnone wp-image-9439\" src=\"https:\/\/kutuphaneveteknoloji.com\/wp-content\/uploads\/2026\/03\/sia-logo.svg\" alt=\"\" width=\"166\" height=\"56\" \/><\/p>\n<\/div><\/div><\/div><\/div><\/div><\/div><\/div><\/section><section class=\"l-section wpb_row height_custom color_alternate\"><div class=\"l-section-h i-cf\"><div class=\"g-cols vc_row via_grid cols_1 laptops-cols_inherit tablets-cols_inherit mobiles-cols_1 valign_middle type_default stacking_default\"><div class=\"wpb_column vc_column_container\"><div class=\"vc_column-inner\"><h2 class=\"w-text us_custom_eb849559\"><span class=\"w-text-h\"><span class=\"w-text-value\">ULTF in Numbers<\/span><\/span><\/h2><div class=\"wpb_text_column\"><div class=\"wpb_wrapper\"><p style=\"text-align: center;\"><span>2 years of experience, inspiration from thousands of participants<\/span><\/p>\n<\/div><\/div><div class=\"w-separator size_medium\"><\/div><div class=\"g-cols wpb_row via_grid cols_4 laptops-cols_inherit tablets-cols_inherit mobiles-cols_2 valign_top type_default stacking_default\" style=\"--columns-gap:3rem;\"><div class=\"wpb_column vc_column_container\"><div class=\"vc_column-inner\"><div class=\"w-counter us_custom_8f9e451e color_primary align_center animation_none has_font_size\" data-duration=\"2\" style=\"--w-counter-duration: 2s;\"><div class=\"w-counter-value\" aria-label=\"50+\"><span class=\"w-counter-value-part final\" aria-hidden=\"true\">50+<\/span><span class=\"w-counter-value-part hidden type_text\" aria-hidden=\"true\" data-final><\/span><span class=\"w-counter-value-part hidden type_number\" aria-hidden=\"true\" data-final=\"50\">0<\/span><span class=\"w-counter-value-part hidden type_text\" aria-hidden=\"true\" data-final=\"+\">+<\/span><\/div><h6 class=\"w-counter-title\" style=\"margin-top:0rem;\">Speakers<\/h6><\/div><\/div><\/div><div class=\"wpb_column vc_column_container\"><div class=\"vc_column-inner\"><div class=\"w-counter us_custom_8f9e451e color_secondary align_center animation_none has_font_size\" data-duration=\"2\" style=\"--w-counter-duration: 2s;\"><div class=\"w-counter-value\" aria-label=\"15+\"><span class=\"w-counter-value-part final\" aria-hidden=\"true\">15+<\/span><span class=\"w-counter-value-part hidden type_text\" aria-hidden=\"true\" data-final><\/span><span class=\"w-counter-value-part hidden type_number\" aria-hidden=\"true\" data-final=\"15\">0<\/span><span class=\"w-counter-value-part hidden type_text\" aria-hidden=\"true\" data-final=\"+\">+<\/span><\/div><h6 class=\"w-counter-title\" style=\"margin-top:0rem;\">Countries<\/h6><\/div><\/div><\/div><div class=\"wpb_column vc_column_container\"><div class=\"vc_column-inner\"><div class=\"w-counter us_custom_8f9e451e color_primary align_center animation_none has_font_size\" data-duration=\"2\" style=\"--w-counter-duration: 2s;\"><div class=\"w-counter-value\" aria-label=\"2000+\"><span class=\"w-counter-value-part final\" aria-hidden=\"true\">2000+<\/span><span class=\"w-counter-value-part hidden type_text\" aria-hidden=\"true\" data-final><\/span><span class=\"w-counter-value-part hidden type_number\" aria-hidden=\"true\" data-final=\"2000\">0<\/span><span class=\"w-counter-value-part hidden type_text\" aria-hidden=\"true\" data-final=\"+\">+<\/span><\/div><h6 class=\"w-counter-title\" style=\"margin-top:0rem;\">Participants<\/h6><\/div><\/div><\/div><div class=\"wpb_column vc_column_container\"><div class=\"vc_column-inner\"><div class=\"w-counter us_custom_8f9e451e color_secondary align_center animation_none has_font_size\" data-duration=\"2\" style=\"--w-counter-duration: 2s;\"><div class=\"w-counter-value\" aria-label=\"3\"><span class=\"w-counter-value-part final\" aria-hidden=\"true\">3<\/span><span class=\"w-counter-value-part hidden type_text\" aria-hidden=\"true\" data-final><\/span><span class=\"w-counter-value-part hidden type_number\" aria-hidden=\"true\" data-final=\"3\">0<\/span><span class=\"w-counter-value-part hidden type_text\" aria-hidden=\"true\" data-final><\/span><\/div><h6 class=\"w-counter-title\" style=\"margin-top:0rem;\">Days<\/h6><\/div><\/div><\/div><\/div><\/div><\/div><\/div><\/div><\/section><section class=\"l-section wpb_row height_custom\"><div class=\"l-section-h i-cf\"><div class=\"g-cols vc_row via_grid cols_1 laptops-cols_inherit tablets-cols_inherit mobiles-cols_1 valign_middle type_default stacking_default\"><div class=\"wpb_column vc_column_container\"><div class=\"vc_column-inner\"><h2 class=\"w-text us_custom_eb849559\"><span class=\"w-text-h\"><span class=\"w-text-value\">Frequently Asked Questions<\/span><\/span><\/h2><div class=\"w-separator size_medium\"><\/div><div class=\"w-tabs style_default switch_click accordion\" style=\"--sections-title-size:inherit\"><div class=\"w-tabs-sections titles-align_none icon_plus cpos_right\"><div class=\"w-tabs-section\" id=\"c587\" itemscope itemprop=\"mainEntity\" itemtype=\"https:\/\/schema.org\/Question\"><button class=\"w-tabs-section-header\" aria-controls=\"content-c587\" aria-expanded=\"false\"><div class=\"w-tabs-section-title\" itemprop=\"name\">When and where will the festival take place?<\/div><div class=\"w-tabs-section-control\"><\/div><\/button><div  class=\"w-tabs-section-content\" id=\"content-c587\" itemscope itemprop=\"acceptedAnswer\" itemtype=\"https:\/\/schema.org\/Answer\"><div class=\"w-tabs-section-content-h i-cf\" itemprop=\"text\"><div class=\"wpb_text_column\"><div class=\"wpb_wrapper\"><p><span>The festival will take place from April 2-4, 2026, at Rami Library, Istanbul. Some events will also be broadcast online.<\/span><\/p>\n<\/div><\/div><\/div><\/div><\/div><div class=\"w-tabs-section\" id=\"j80f\" itemscope itemprop=\"mainEntity\" itemtype=\"https:\/\/schema.org\/Question\"><button class=\"w-tabs-section-header\" aria-controls=\"content-j80f\" aria-expanded=\"false\"><div class=\"w-tabs-section-title\" itemprop=\"name\">Is there a participation fee?<\/div><div class=\"w-tabs-section-control\"><\/div><\/button><div  class=\"w-tabs-section-content\" id=\"content-j80f\" itemscope itemprop=\"acceptedAnswer\" itemtype=\"https:\/\/schema.org\/Answer\"><div class=\"w-tabs-section-content-h i-cf\" itemprop=\"text\"><div class=\"wpb_text_column\"><div class=\"wpb_wrapper\"><p><span>Participation in the festival and workshops is completely free.<\/span><\/p>\n<\/div><\/div><\/div><\/div><\/div><div class=\"w-tabs-section\" id=\"eb81\" itemscope itemprop=\"mainEntity\" itemtype=\"https:\/\/schema.org\/Question\"><button class=\"w-tabs-section-header\" aria-controls=\"content-eb81\" aria-expanded=\"false\"><div class=\"w-tabs-section-title\" itemprop=\"name\">How can I apply as a speaker or sponsor?<\/div><div class=\"w-tabs-section-control\"><\/div><\/button><div  class=\"w-tabs-section-content\" id=\"content-eb81\" itemscope itemprop=\"acceptedAnswer\" itemtype=\"https:\/\/schema.org\/Answer\"><div class=\"w-tabs-section-content-h i-cf\" itemprop=\"text\"><div class=\"wpb_text_column\"><div class=\"wpb_wrapper\"><p><span>For speaker and sponsorship applications, please contact us via the\u00a0<\/span><a class=\"text-purple-600 hover:underline\" href=\"https:\/\/kutuphaneveteknoloji.com\/en\/contact\/\">contact<\/a><span>\u00a0section. We look forward to your valuable contributions.<\/span><\/p>\n<\/div><\/div><\/div><\/div><\/div><div class=\"w-tabs-section\" id=\"tdf1\" itemscope itemprop=\"mainEntity\" itemtype=\"https:\/\/schema.org\/Question\"><button class=\"w-tabs-section-header\" aria-controls=\"content-tdf1\" aria-expanded=\"false\"><div class=\"w-tabs-section-title\" itemprop=\"name\">Are there accommodation recommendations?<\/div><div class=\"w-tabs-section-control\"><\/div><\/button><div  class=\"w-tabs-section-content\" id=\"content-tdf1\" itemscope itemprop=\"acceptedAnswer\" itemtype=\"https:\/\/schema.org\/Answer\"><div class=\"w-tabs-section-content-h i-cf\" itemprop=\"text\"><div class=\"wpb_text_column\"><div class=\"wpb_wrapper\"><p><span>Yes, you can contact us via the\u00a0<\/span><a class=\"text-purple-600 hover:underline\" href=\"https:\/\/kutuphaneveteknoloji.com\/en\/contact\/\">contact<\/a><span>\u00a0section for information about hotels near the venue. Rami Library is centrally located in Istanbul with easy access.<\/span><\/p>\n<\/div><\/div><\/div><\/div><\/div><div class=\"w-tabs-section\" id=\"s039\" itemscope itemprop=\"mainEntity\" itemtype=\"https:\/\/schema.org\/Question\"><button class=\"w-tabs-section-header\" aria-controls=\"content-s039\" aria-expanded=\"false\"><div class=\"w-tabs-section-title\" itemprop=\"name\">Is a certificate of participation provided?<\/div><div class=\"w-tabs-section-control\"><\/div><\/button><div  class=\"w-tabs-section-content\" id=\"content-s039\" itemscope itemprop=\"acceptedAnswer\" itemtype=\"https:\/\/schema.org\/Answer\"><div class=\"w-tabs-section-content-h i-cf\" itemprop=\"text\"><div class=\"wpb_text_column\"><div class=\"wpb_wrapper\"><p><span>Yes, all festival participants receive a digital certificate of participation.<\/span><\/p>\n<\/div><\/div><\/div><\/div><\/div><div class=\"w-tabs-section\" id=\"i28b\" itemscope itemprop=\"mainEntity\" itemtype=\"https:\/\/schema.org\/Question\"><button class=\"w-tabs-section-header\" aria-controls=\"content-i28b\" aria-expanded=\"false\"><div class=\"w-tabs-section-title\" itemprop=\"name\">Is online participation possible?<\/div><div class=\"w-tabs-section-control\"><\/div><\/button><div  class=\"w-tabs-section-content\" id=\"content-i28b\" itemscope itemprop=\"acceptedAnswer\" itemtype=\"https:\/\/schema.org\/Answer\"><div class=\"w-tabs-section-content-h i-cf\" itemprop=\"text\"><div class=\"wpb_text_column\"><div class=\"wpb_wrapper\"><p><span>Yes, some sessions will also be available via live stream. After registration, live stream links will be shared via email.<\/span><\/p>\n<\/div><\/div><\/div><\/div><\/div><div class=\"w-tabs-section\" id=\"x4e1\" itemscope itemprop=\"mainEntity\" itemtype=\"https:\/\/schema.org\/Question\"><button class=\"w-tabs-section-header\" aria-controls=\"content-x4e1\" aria-expanded=\"false\"><div class=\"w-tabs-section-title\" itemprop=\"name\">Will food and refreshments be provided?<\/div><div class=\"w-tabs-section-control\"><\/div><\/button><div  class=\"w-tabs-section-content\" id=\"content-x4e1\" itemscope itemprop=\"acceptedAnswer\" itemtype=\"https:\/\/schema.org\/Answer\"><div class=\"w-tabs-section-content-h i-cf\" itemprop=\"text\"><div class=\"wpb_text_column\"><div class=\"wpb_wrapper\"><p><span>Tea and coffee will be served throughout the festival. Simit D\u00fcnyas\u0131 and Kahve D\u00fcnyas\u0131 cafes are located inside the library for visitors to enjoy drinks and light snacks.<\/span><\/p>\n<\/div><\/div><\/div><\/div><\/div><\/div><\/div><\/div><\/div><\/div><\/div><\/section>\n","protected":false},"excerpt":{"rendered":"2-4 NisanRami Library \u2022 \u0130stanbul3rd International Library and Technology Festival Festival Promo VideoInspiring SpeakersSharon MemisSecretary GeneralIFLA Andrew CranfieldDirectorEBLIDA Maria McCauleyPresidentALA Our Partners ULTF in Numbers2 years of experience, inspiration from thousands of participants 50+0+Speakers15+0+Countries2000+0+Participants30DaysFrequently Asked QuestionsWhen and where will the festival take place?The festival will take place from April 2-4, 2026, at Rami Library, Istanbul....","protected":false},"author":1,"featured_media":0,"parent":0,"menu_order":0,"comment_status":"closed","ping_status":"closed","template":"","meta":{"om_disable_all_campaigns":false,"footnotes":""},"class_list":["post-9735","page","type-page","status-publish","hentry"],"_links":{"self":[{"href":"https:\/\/kutuphaneveteknoloji.com\/en\/wp-json\/wp\/v2\/pages\/9735","targetHints":{"allow":["GET"]}}],"collection":[{"href":"https:\/\/kutuphaneveteknoloji.com\/en\/wp-json\/wp\/v2\/pages"}],"about":[{"href":"https:\/\/kutuphaneveteknoloji.com\/en\/wp-json\/wp\/v2\/types\/page"}],"author":[{"embeddable":true,"href":"https:\/\/kutuphaneveteknoloji.com\/en\/wp-json\/wp\/v2\/users\/1"}],"replies":[{"embeddable":true,"href":"https:\/\/kutuphaneveteknoloji.com\/en\/wp-json\/wp\/v2\/comments?post=9735"}],"version-history":[{"count":8,"href":"https:\/\/kutuphaneveteknoloji.com\/en\/wp-json\/wp\/v2\/pages\/9735\/revisions"}],"predecessor-version":[{"id":10143,"href":"https:\/\/kutuphaneveteknoloji.com\/en\/wp-json\/wp\/v2\/pages\/9735\/revisions\/10143"}],"wp:attachment":[{"href":"https:\/\/kutuphaneveteknoloji.com\/en\/wp-json\/wp\/v2\/media?parent=9735"}],"curies":[{"name":"wp","href":"https:\/\/api.w.org\/{rel}","templated":true}]}}