{"id":9712,"date":"2026-03-23T20:02:51","date_gmt":"2026-03-23T17:02:51","guid":{"rendered":"https:\/\/kutuphaneveteknoloji.com\/fuar-alani\/"},"modified":"2026-03-30T23:21:12","modified_gmt":"2026-03-30T20:21:12","slug":"exhibition-area","status":"publish","type":"page","link":"https:\/\/kutuphaneveteknoloji.com\/en\/exhibition-area\/","title":{"rendered":"Exhibition Area"},"content":{"rendered":"<section class=\"l-section wpb_row height_custom\"><div class=\"l-section-h i-cf\"><div class=\"g-cols vc_row via_grid cols_1 laptops-cols_inherit tablets-cols_inherit mobiles-cols_1 valign_top type_default stacking_default\"><div class=\"wpb_column vc_column_container shadow-x1\"><div class=\"vc_column-inner\"><div class=\"w-image align_center\"><a ref=\"magnificPopup\" href=\"https:\/\/kutuphaneveteknoloji.com\/wp-content\/uploads\/2026\/03\/fuar-alani-img.jpg\" aria-label=\"fuar-alani-img\" class=\"w-image-h\"><img decoding=\"async\" width=\"1400\" height=\"511\" src=\"https:\/\/kutuphaneveteknoloji.com\/wp-content\/uploads\/2026\/03\/fuar-alani-img.jpg\" class=\"attachment-us_1536_1536 size-us_1536_1536\" alt=\"\" loading=\"lazy\" srcset=\"https:\/\/kutuphaneveteknoloji.com\/wp-content\/uploads\/2026\/03\/fuar-alani-img.jpg 1400w, https:\/\/kutuphaneveteknoloji.com\/wp-content\/uploads\/2026\/03\/fuar-alani-img-300x110.jpg 300w, https:\/\/kutuphaneveteknoloji.com\/wp-content\/uploads\/2026\/03\/fuar-alani-img-1024x374.jpg 1024w\" sizes=\"auto, (max-width: 1400px) 100vw, 1400px\" \/><\/a><\/div><div class=\"w-separator size_medium\"><\/div><div class=\"g-cols wpb_row via_grid cols_2 laptops-cols_inherit tablets-cols_inherit mobiles-cols_1 valign_top type_default stacking_default\" style=\"--columns-gap:3rem;\"><div class=\"wpb_column vc_column_container\"><div class=\"vc_column-inner\"><div class=\"wpb_text_column\"><div class=\"wpb_wrapper\"><p><strong>1- Birteknikel<\/strong><br \/>\n<strong>2- Say\u0131sal Grafik<\/strong><br \/>\n<strong>3- ManasBT Bili\u015fim Teknoloji<\/strong><br \/>\n<strong>4- Ankaref \u0130novasyon ve Teknoloji<\/strong><br \/>\n<strong>5- Ye\u015filay<\/strong><br \/>\n<strong>6- Novalib Teknoloji<\/strong><br \/>\n<strong>7- Gemini Bilgi Teknolojileri<\/strong><br \/>\n<strong>8- Elfcan Teknoloji<\/strong><br \/>\n<strong>9- Bilgi Teknolojileri Genel M\u00fcd\u00fcrl\u00fc\u011f\u00fc<\/strong><br \/>\n<strong>10- K\u00fct\u00fcphaneler ve Yay\u0131mlar Genel M\u00fcd\u00fcrl\u00fc\u011f\u00fc<\/strong><br \/>\n<strong>11- Online Bilgi Hizmetleri<\/strong><br \/>\n<strong>12- Go School For Information<\/strong><\/p>\n<\/div><\/div><\/div><\/div><div class=\"wpb_column vc_column_container\"><div class=\"vc_column-inner\"><div class=\"wpb_text_column\"><div class=\"wpb_wrapper\"><p><strong>13- Netcad<\/strong><br \/>\n<strong>14- Express Bilgisayar<\/strong><br \/>\n<strong>15- Akg\u00fcn Yaz\u0131l\u0131m<\/strong><br \/>\n<strong>16- Mirak\u0131l Veri \u0130\u015fleme<\/strong><br \/>\n<strong>17- Informascope<\/strong><br \/>\n<strong>18- Yordam Bili\u015fim Teknoloji<\/strong><br \/>\n<strong>19- Libraryturk<\/strong><br \/>\n<strong>20- Poilabs<\/strong><br \/>\n<strong>21- Hiperlink<\/strong><br \/>\n<strong>22- Aicoor Bilgi Teknolojileri<\/strong><br \/>\n<strong>23- Ebsco Bili\u015fim Hizmetleri<\/strong><br \/>\n<strong>24- Utarit<\/strong><\/p>\n<\/div><\/div><\/div><\/div><\/div><\/div><\/div><\/div><\/div><\/section>\n","protected":false},"excerpt":{"rendered":"1- Birteknikel 2- Say\u0131sal Grafik 3- ManasBT Bili\u015fim Teknoloji 4- Ankaref \u0130novasyon ve Teknoloji 5- Ye\u015filay 6- Novalib Teknoloji 7- Gemini Bilgi Teknolojileri 8- Elfcan Teknoloji 9- Bilgi Teknolojileri Genel M\u00fcd\u00fcrl\u00fc\u011f\u00fc 10- K\u00fct\u00fcphaneler ve Yay\u0131mlar Genel M\u00fcd\u00fcrl\u00fc\u011f\u00fc 11- Online Bilgi Hizmetleri 12- Go School For Information 13- Netcad 14- Express Bilgisayar 15- Akg\u00fcn Yaz\u0131l\u0131m 16-...","protected":false},"author":1,"featured_media":0,"parent":0,"menu_order":0,"comment_status":"closed","ping_status":"closed","template":"","meta":{"om_disable_all_campaigns":false,"footnotes":""},"class_list":["post-9712","page","type-page","status-publish","hentry"],"_links":{"self":[{"href":"https:\/\/kutuphaneveteknoloji.com\/en\/wp-json\/wp\/v2\/pages\/9712","targetHints":{"allow":["GET"]}}],"collection":[{"href":"https:\/\/kutuphaneveteknoloji.com\/en\/wp-json\/wp\/v2\/pages"}],"about":[{"href":"https:\/\/kutuphaneveteknoloji.com\/en\/wp-json\/wp\/v2\/types\/page"}],"author":[{"embeddable":true,"href":"https:\/\/kutuphaneveteknoloji.com\/en\/wp-json\/wp\/v2\/users\/1"}],"replies":[{"embeddable":true,"href":"https:\/\/kutuphaneveteknoloji.com\/en\/wp-json\/wp\/v2\/comments?post=9712"}],"version-history":[{"count":4,"href":"https:\/\/kutuphaneveteknoloji.com\/en\/wp-json\/wp\/v2\/pages\/9712\/revisions"}],"predecessor-version":[{"id":9969,"href":"https:\/\/kutuphaneveteknoloji.com\/en\/wp-json\/wp\/v2\/pages\/9712\/revisions\/9969"}],"wp:attachment":[{"href":"https:\/\/kutuphaneveteknoloji.com\/en\/wp-json\/wp\/v2\/media?parent=9712"}],"curies":[{"name":"wp","href":"https:\/\/api.w.org\/{rel}","templated":true}]}}